{"id":20,"date":"2025-08-01T06:53:44","date_gmt":"2025-08-01T06:53:44","guid":{"rendered":"https:\/\/chatruletka.app\/?page_id=20"},"modified":"2026-03-08T17:48:29","modified_gmt":"2026-03-08T17:48:29","slug":"home","status":"publish","type":"page","link":"https:\/\/chatruletka.app\/es\/","title":{"rendered":"Inicio"},"content":{"rendered":"<style>\n  .section-title {\n    font-size: clamp(2rem, 4vw, 3rem);\n    font-weight: 800;\n    background: linear-gradient(135deg, #8224e3, #24d6e3);\n    background-clip: text;\n    -webkit-background-clip: text;\n    -webkit-text-fill-color: transparent;\n    margin-bottom: 30px;\n    text-align: center;\n  }\n\n  .section-text {\n    font-size: 1.2rem;\n    color: #475569;\n    max-width: 800px;\n    margin: 0 auto;\n    text-align: center;\n    line-height: 1.8;\n  }\n\n  .container {\n    max-width: 1100px;\n    margin: 0 auto;\n    padding: 60px 20px;\n  }\n\n  \/* CTA button *\/\n  .cta-button {\n    display: inline-block;\n    margin-top: 25px;\n    background: linear-gradient(135deg, #8224e3, #24d6e3);\n    color: #fff !important;\n    padding: 15px 35px;\n    font-size: 1.2rem;\n    font-weight: 700;\n    border-radius: 50px;\n    text-decoration: none;\n    transition: all 0.3s ease;\n    box-shadow: 0 8px 25px rgba(130, 36, 227, 0.25);\n  }\n\n  .cta-button:hover {\n    transform: translateY(-5px);\n    box-shadow: 0 12px 30px rgba(130, 36, 227, 0.35);\n  }\n\n  \/* Sticky CTA (mobile) *\/\n  .sticky-cta {\n    display: none;\n    position: fixed;\n    bottom: 0;\n    left: 0;\n    right: 0;\n    background: linear-gradient(135deg, #8224e3, #24d6e3);\n    padding: 15px;\n    text-align: center;\n    z-index: 9999;\n    box-shadow: 0 -4px 20px rgba(0,0,0,0.2);\n  }\n  .sticky-cta a {\n    color: #fff !important;\n    font-size: 1.2rem;\n    font-weight: 700;\n    text-decoration: none;\n  }\n\n  @media (max-width: 768px) {\n    .sticky-cta {\n      display: block;\n    }\n  }\n\n  .features-grid {\n    display: grid;\n    grid-template-columns: repeat(2, 1fr);\n    gap: 40px;\n    max-width: 900px;\n    margin: 60px auto 0;\n  }\n\n  .feature-card {\n    background: white;\n    padding: 40px 30px;\n    border-radius: 20px;\n    box-shadow: 0 10px 40px rgba(130, 36, 227, 0.1);\n    border: 1px solid rgba(130, 36, 227, 0.1);\n    transition: all 0.3s ease;\n  }\n\n  .feature-card:hover {\n    transform: translateY(-10px);\n  }\n\n  .feature-icon {\n    font-size: 3rem;\n    margin-bottom: 20px;\n    background: linear-gradient(135deg, #8224e3, #24d6e3);\n    background-clip: text;\n    -webkit-background-clip: text;\n    -webkit-text-fill-color: transparent;\n  }\n\n  .feature-card h3 {\n    font-size: 1.4rem;\n    font-weight: 700;\n    color: #1a1a2e;\n    margin-bottom: 15px;\n  }\n\n  .feature-card p {\n    color: #64748b;\n    line-height: 1.7;\n  }\n\n  .faq-wrapper {\n    max-width: 800px;\n    margin: 50px auto 0;\n  }\n\n  .faq-item {\n    margin-bottom: 15px;\n    border-radius: 5px;\n    overflow: hidden;\n  }\n\n  .faq-question {\n    background-color: #8224e3;\n    color: #fff;\n    padding: 15px 20px;\n    font-weight: 600;\n    cursor: pointer;\n    transition: background 0.3s ease;\n  }\n\n  .faq-question:hover {\n    background-color: #6f1dc2;\n  }\n\n  .faq-question.open::after {\n    content: \" \u25b2\";\n    float: right;\n  }\n\n  .faq-question::after {\n    content: \" \u25bc\";\n    float: right;\n  }\n\n  .faq-answer {\n    display: none;\n    background-color: #f9f9f9;\n    color: #333;\n    padding: 15px 20px;\n    border-top: 1px solid #ddd;\n    font-size: 15px;\n    text-align: left;\n  }\n\n<\/style>\n\n<section class=\"hero\">\n  <div class=\"container\" style=\"text-align: center;\">\n    <h1 class=\"section-title\">Videochat an\u00f3nimo gratuito<\/h1>\n    <p class=\"section-text\">Descubre la emoci\u00f3n de conectar de forma an\u00f3nima con desconocidos de todo el mundo en Chatruletka.app. Sin registros ni datos personales, solo conversaciones espont\u00e1neas de v\u00eddeo y texto.<\/p>\n\n    <!-- HERO CTA (Centered) -->\n    <a href=\"https:\/\/chatruletka.app\/ff\/\" class=\"cta-button\">Empezar a chatear ahora<\/a>\n  <\/div>\n<\/section>\n\n\n<section class=\"features\">\n  <div class=\"container\">\n    <h2 class=\"section-title\">\u00bfPor qu\u00e9 elegir Chatruletka.app?<\/h2>\n    <div class=\"features-grid\">\n      <div class=\"feature-card\">\n        <div class=\"feature-icon\">\ud83d\ude80<\/div>\n        <h3>Acceso instant\u00e1neo<\/h3>\n        <p>Participa en conversaciones sin crear una cuenta. Un clic y ya est\u00e1s emparejado con un nuevo desconocido.<\/p>\n      <\/div>\n      <div class=\"feature-card\">\n        <div class=\"feature-icon\">\ud83d\udd12<\/div>\n        <h3>Privacidad total<\/h3>\n        <p>No te pedimos datos personales: tu identidad permanece oculta en cada chat.<\/p>\n      <\/div>\n      <div class=\"feature-card\">\n        <div class=\"feature-icon\">\ud83c\udf0d<\/div>\n        <h3>Comunidad mundial<\/h3>\n        <p>Con\u00e9ctate con usuarios de todo el mundo, desde Estados Unidos y Reino Unido hasta Canad\u00e1 y m\u00e1s all\u00e1.<\/p>\n      <\/div>\n      <div class=\"feature-card\">\n        <div class=\"feature-icon\">\ud83d\udcac<\/div>\n        <h3>Texto y v\u00eddeo<\/h3>\n        <p>\u00bfPrefiere escribir? Utilice nuestra funci\u00f3n de chat de texto an\u00f3nimo para hablar sin hablar.<\/p>\n      <\/div>\n    <\/div>\n  <\/div>\n<\/section>\n\n<section class=\"about-section\">\n  <div class=\"container\">\n    <h2 class=\"section-title\">\u00bfPor qu\u00e9 usar Chatruletka para Videochat An\u00f3nimo?<\/h2>\n    <p class=\"section-text\">\n      Chatruletka est\u00e1 cambiando la forma en que la gente se conecta en l\u00ednea. Te permite explorar conversaciones espont\u00e1neas sin la presi\u00f3n de revelar tu identidad. Tanto si est\u00e1s aburrido, eres curioso o buscas conversaciones significativas, nuestra plataforma segura te da libertad para conectar de forma natural.\n    <\/p>\n  <\/div>\n<\/section>\n\n<section class=\"about-section\">\n  <div class=\"container\">\n    <h2 class=\"section-title\">Videochat aleatorio, reinventado<\/h2>\n    <p class=\"section-text\">\n      Chatruletka.app te permite disfrutar de conversaciones an\u00f3nimas en tiempo real con personas de todo el mundo, sin necesidad de registrarte ni descargar nada.\n    <\/p>\n\n    <!-- MID-PAGE CTA -->\n    <a href=\"https:\/\/chatruletka.app\/ic\/\" class=\"cta-button\" style=\"margin-top:35px;\">Prueba Chatruletka<\/a>\n  <\/div>\n<\/section>\n\n<section class=\"faq\">\n  <div class=\"container\">\n    <h2 class=\"section-title\">Preguntas frecuentes<\/h2>\n    <div class=\"faq-wrapper\">\n      <div class=\"faq-item\">\n        <div class=\"faq-question\" onclick=\"toggleFAQ(this)\">\u00bfQu\u00e9 es Chatruletka?<\/div>\n        <div class=\"faq-answer\">Una plataforma basada en navegador para chatear en l\u00ednea con desconocidos, de forma an\u00f3nima y aleatoria, a trav\u00e9s de v\u00eddeo y texto.<\/div>\n      <\/div>\n\n      <div class=\"faq-item\">\n        <div class=\"faq-question\" onclick=\"toggleFAQ(this)\">\u00bfEs realmente gratis?<\/div>\n        <div class=\"faq-answer\">S\u00ed, completamente gratis. No requiere suscripci\u00f3n.<\/div>\n      <\/div>\n\n      <div class=\"faq-item\">\n        <div class=\"faq-question\" onclick=\"toggleFAQ(this)\">\u00bfTengo que crear una cuenta?<\/div>\n        <div class=\"faq-answer\">No se necesita cuenta. Total privacidad, chat instant\u00e1neo.<\/div>\n      <\/div>\n\n      <div class=\"faq-item\">\n        <div class=\"faq-question\" onclick=\"toggleFAQ(this)\">\u00bfPuedo utilizarlo en mi tel\u00e9fono?<\/div>\n        <div class=\"faq-answer\">S\u00ed, funciona perfectamente en todos los navegadores m\u00f3viles.<\/div>\n      <\/div>\n\n      <div class=\"faq-item\">\n        <div class=\"faq-question\" onclick=\"toggleFAQ(this)\">\u00bfY si conozco a alguien inapropiado?<\/div>\n        <div class=\"faq-answer\">Basta con hacer clic en \u201cSiguiente\u201d o denunciarlos al instante.<\/div>\n      <\/div>\n\n    <\/div>\n  <\/div>\n<\/section>\n\n<!-- STICKY CTA (mobile only) -->\n<div class=\"sticky-cta\">\n  <a href=\"https:\/\/chatruletka.app\/es\/cc\/\">Empezar a chatear<\/a>\n<\/div>\n\n<script>\n  function toggleFAQ(element) {\n    element.classList.toggle(\"open\");\n    const answer = element.nextElementSibling;\n    answer.style.display = answer.style.display === \"block\" ? \"none\" : \"block\";\n  }\n<\/script>\n\n\n\n<p><\/p>","protected":false},"excerpt":{"rendered":"<p>Free Anonymous Video Chat Discover the thrill of connecting anonymously with strangers around the globe on Chatruletka.app. No sign-ups, no personal info, just real spontaneous video and text conversations. Start Chatting Now Why Choose Chatruletka.app? \ud83d\ude80 Instant Access Jump into conversations without creating an account. One click and you&#8217;re matched with a new stranger. \ud83d\udd12 [&hellip;]<\/p>","protected":false},"author":1,"featured_media":0,"parent":0,"menu_order":0,"comment_status":"closed","ping_status":"closed","template":"start-chat-style-template.php","meta":{"_acf_changed":false,"footnotes":""},"class_list":["post-20","page","type-page","status-publish","hentry"],"acf":[],"yoast_head":"<!-- This site is optimized with the Yoast SEO plugin v26.7 - https:\/\/yoast.com\/wordpress\/plugins\/seo\/ -->\n<title>Omegle alternative for random video chats - Chatruletka<\/title>\n<meta name=\"description\" content=\"Chat with strangers instantly and anonymously on Chatruletka.app - no sign-ups, just free random video and text chats with people worldwide.\" \/>\n<meta name=\"robots\" content=\"index, follow, max-snippet:-1, max-image-preview:large, max-video-preview:-1\" \/>\n<link rel=\"canonical\" href=\"https:\/\/chatruletka.app\/es\/\" \/>\n<meta property=\"og:locale\" content=\"es_ES\" \/>\n<meta property=\"og:type\" content=\"article\" \/>\n<meta property=\"og:title\" content=\"Omegle alternative for random video chats - Chatruletka\" \/>\n<meta property=\"og:description\" content=\"Chat with strangers instantly and anonymously on Chatruletka.app - no sign-ups, just free random video and text chats with people worldwide.\" \/>\n<meta property=\"og:url\" content=\"https:\/\/chatruletka.app\/es\/\" \/>\n<meta property=\"og:site_name\" content=\"Chatruletka\" \/>\n<meta property=\"article:modified_time\" content=\"2026-03-08T17:48:29+00:00\" \/>\n<meta name=\"twitter:card\" content=\"summary_large_image\" \/>\n<meta name=\"twitter:label1\" content=\"Tiempo de lectura\" \/>\n\t<meta name=\"twitter:data1\" content=\"2 minutos\" \/>\n<script type=\"application\/ld+json\" class=\"yoast-schema-graph\">{\"@context\":\"https:\/\/schema.org\",\"@graph\":[{\"@type\":\"WebPage\",\"@id\":\"https:\/\/chatruletka.app\/\",\"url\":\"https:\/\/chatruletka.app\/\",\"name\":\"Omegle alternative for random video chats - Chatruletka\",\"isPartOf\":{\"@id\":\"https:\/\/chatruletka.app\/#website\"},\"datePublished\":\"2025-08-01T06:53:44+00:00\",\"dateModified\":\"2026-03-08T17:48:29+00:00\",\"description\":\"Chat with strangers instantly and anonymously on Chatruletka.app - no sign-ups, just free random video and text chats with people worldwide.\",\"breadcrumb\":{\"@id\":\"https:\/\/chatruletka.app\/#breadcrumb\"},\"inLanguage\":\"es\",\"potentialAction\":[{\"@type\":\"ReadAction\",\"target\":[\"https:\/\/chatruletka.app\/\"]}]},{\"@type\":\"BreadcrumbList\",\"@id\":\"https:\/\/chatruletka.app\/#breadcrumb\",\"itemListElement\":[{\"@type\":\"ListItem\",\"position\":1,\"name\":\"Home\",\"item\":\"https:\/\/chatruletka.app\/\"},{\"@type\":\"ListItem\",\"position\":2,\"name\":\"Home\"}]},{\"@type\":\"WebSite\",\"@id\":\"https:\/\/chatruletka.app\/#website\",\"url\":\"https:\/\/chatruletka.app\/\",\"name\":\"AnonCam\",\"description\":\"\",\"potentialAction\":[{\"@type\":\"SearchAction\",\"target\":{\"@type\":\"EntryPoint\",\"urlTemplate\":\"https:\/\/chatruletka.app\/?s={search_term_string}\"},\"query-input\":{\"@type\":\"PropertyValueSpecification\",\"valueRequired\":true,\"valueName\":\"search_term_string\"}}],\"inLanguage\":\"es\"}]}<\/script>\n<!-- \/ Yoast SEO plugin. -->","yoast_head_json":{"title":"Alternativa a Omegle para videochats aleatorios - Chatruletka","description":"Chatea con desconocidos de forma instant\u00e1nea y an\u00f3nima en Chatruletka.app: sin registros, s\u00f3lo chats de v\u00eddeo y texto aleatorios y gratuitos con gente de todo el mundo.","robots":{"index":"index","follow":"follow","max-snippet":"max-snippet:-1","max-image-preview":"max-image-preview:large","max-video-preview":"max-video-preview:-1"},"canonical":"https:\/\/chatruletka.app\/es\/","og_locale":"es_ES","og_type":"article","og_title":"Omegle alternative for random video chats - Chatruletka","og_description":"Chat with strangers instantly and anonymously on Chatruletka.app - no sign-ups, just free random video and text chats with people worldwide.","og_url":"https:\/\/chatruletka.app\/es\/","og_site_name":"Chatruletka","article_modified_time":"2026-03-08T17:48:29+00:00","twitter_card":"summary_large_image","twitter_misc":{"Tiempo de lectura":"2 minutos"},"schema":{"@context":"https:\/\/schema.org","@graph":[{"@type":"WebPage","@id":"https:\/\/chatruletka.app\/","url":"https:\/\/chatruletka.app\/","name":"Alternativa a Omegle para videochats aleatorios - Chatruletka","isPartOf":{"@id":"https:\/\/chatruletka.app\/#website"},"datePublished":"2025-08-01T06:53:44+00:00","dateModified":"2026-03-08T17:48:29+00:00","description":"Chatea con desconocidos de forma instant\u00e1nea y an\u00f3nima en Chatruletka.app: sin registros, s\u00f3lo chats de v\u00eddeo y texto aleatorios y gratuitos con gente de todo el mundo.","breadcrumb":{"@id":"https:\/\/chatruletka.app\/#breadcrumb"},"inLanguage":"es","potentialAction":[{"@type":"ReadAction","target":["https:\/\/chatruletka.app\/"]}]},{"@type":"BreadcrumbList","@id":"https:\/\/chatruletka.app\/#breadcrumb","itemListElement":[{"@type":"ListItem","position":1,"name":"Home","item":"https:\/\/chatruletka.app\/"},{"@type":"ListItem","position":2,"name":"Home"}]},{"@type":"WebSite","@id":"https:\/\/chatruletka.app\/#website","url":"https:\/\/chatruletka.app\/","name":"AnonCam","description":"","potentialAction":[{"@type":"SearchAction","target":{"@type":"EntryPoint","urlTemplate":"https:\/\/chatruletka.app\/?s={search_term_string}"},"query-input":{"@type":"PropertyValueSpecification","valueRequired":true,"valueName":"search_term_string"}}],"inLanguage":"es"}]}},"_links":{"self":[{"href":"https:\/\/chatruletka.app\/es\/wp-json\/wp\/v2\/pages\/20","targetHints":{"allow":["GET"]}}],"collection":[{"href":"https:\/\/chatruletka.app\/es\/wp-json\/wp\/v2\/pages"}],"about":[{"href":"https:\/\/chatruletka.app\/es\/wp-json\/wp\/v2\/types\/page"}],"author":[{"embeddable":true,"href":"https:\/\/chatruletka.app\/es\/wp-json\/wp\/v2\/users\/1"}],"replies":[{"embeddable":true,"href":"https:\/\/chatruletka.app\/es\/wp-json\/wp\/v2\/comments?post=20"}],"version-history":[{"count":14,"href":"https:\/\/chatruletka.app\/es\/wp-json\/wp\/v2\/pages\/20\/revisions"}],"predecessor-version":[{"id":178,"href":"https:\/\/chatruletka.app\/es\/wp-json\/wp\/v2\/pages\/20\/revisions\/178"}],"wp:attachment":[{"href":"https:\/\/chatruletka.app\/es\/wp-json\/wp\/v2\/media?parent=20"}],"curies":[{"name":"wp","href":"https:\/\/api.w.org\/{rel}","templated":true}]}}