{"id":20,"date":"2025-08-01T06:53:44","date_gmt":"2025-08-01T06:53:44","guid":{"rendered":"https:\/\/chatruletka.app\/?page_id=20"},"modified":"2026-03-08T17:48:29","modified_gmt":"2026-03-08T17:48:29","slug":"home","status":"publish","type":"page","link":"https:\/\/chatruletka.app\/de\/","title":{"rendered":"Startseite"},"content":{"rendered":"<style>\n  .section-title {\n    font-size: clamp(2rem, 4vw, 3rem);\n    font-weight: 800;\n    background: linear-gradient(135deg, #8224e3, #24d6e3);\n    background-clip: text;\n    -webkit-background-clip: text;\n    -webkit-text-fill-color: transparent;\n    margin-bottom: 30px;\n    text-align: center;\n  }\n\n  .section-text {\n    font-size: 1.2rem;\n    color: #475569;\n    max-width: 800px;\n    margin: 0 auto;\n    text-align: center;\n    line-height: 1.8;\n  }\n\n  .container {\n    max-width: 1100px;\n    margin: 0 auto;\n    padding: 60px 20px;\n  }\n\n  \/* CTA button *\/\n  .cta-button {\n    display: inline-block;\n    margin-top: 25px;\n    background: linear-gradient(135deg, #8224e3, #24d6e3);\n    color: #fff !important;\n    padding: 15px 35px;\n    font-size: 1.2rem;\n    font-weight: 700;\n    border-radius: 50px;\n    text-decoration: none;\n    transition: all 0.3s ease;\n    box-shadow: 0 8px 25px rgba(130, 36, 227, 0.25);\n  }\n\n  .cta-button:hover {\n    transform: translateY(-5px);\n    box-shadow: 0 12px 30px rgba(130, 36, 227, 0.35);\n  }\n\n  \/* Sticky CTA (mobile) *\/\n  .sticky-cta {\n    display: none;\n    position: fixed;\n    bottom: 0;\n    left: 0;\n    right: 0;\n    background: linear-gradient(135deg, #8224e3, #24d6e3);\n    padding: 15px;\n    text-align: center;\n    z-index: 9999;\n    box-shadow: 0 -4px 20px rgba(0,0,0,0.2);\n  }\n  .sticky-cta a {\n    color: #fff !important;\n    font-size: 1.2rem;\n    font-weight: 700;\n    text-decoration: none;\n  }\n\n  @media (max-width: 768px) {\n    .sticky-cta {\n      display: block;\n    }\n  }\n\n  .features-grid {\n    display: grid;\n    grid-template-columns: repeat(2, 1fr);\n    gap: 40px;\n    max-width: 900px;\n    margin: 60px auto 0;\n  }\n\n  .feature-card {\n    background: white;\n    padding: 40px 30px;\n    border-radius: 20px;\n    box-shadow: 0 10px 40px rgba(130, 36, 227, 0.1);\n    border: 1px solid rgba(130, 36, 227, 0.1);\n    transition: all 0.3s ease;\n  }\n\n  .feature-card:hover {\n    transform: translateY(-10px);\n  }\n\n  .feature-icon {\n    font-size: 3rem;\n    margin-bottom: 20px;\n    background: linear-gradient(135deg, #8224e3, #24d6e3);\n    background-clip: text;\n    -webkit-background-clip: text;\n    -webkit-text-fill-color: transparent;\n  }\n\n  .feature-card h3 {\n    font-size: 1.4rem;\n    font-weight: 700;\n    color: #1a1a2e;\n    margin-bottom: 15px;\n  }\n\n  .feature-card p {\n    color: #64748b;\n    line-height: 1.7;\n  }\n\n  .faq-wrapper {\n    max-width: 800px;\n    margin: 50px auto 0;\n  }\n\n  .faq-item {\n    margin-bottom: 15px;\n    border-radius: 5px;\n    overflow: hidden;\n  }\n\n  .faq-question {\n    background-color: #8224e3;\n    color: #fff;\n    padding: 15px 20px;\n    font-weight: 600;\n    cursor: pointer;\n    transition: background 0.3s ease;\n  }\n\n  .faq-question:hover {\n    background-color: #6f1dc2;\n  }\n\n  .faq-question.open::after {\n    content: \" \u25b2\";\n    float: right;\n  }\n\n  .faq-question::after {\n    content: \" \u25bc\";\n    float: right;\n  }\n\n  .faq-answer {\n    display: none;\n    background-color: #f9f9f9;\n    color: #333;\n    padding: 15px 20px;\n    border-top: 1px solid #ddd;\n    font-size: 15px;\n    text-align: left;\n  }\n\n<\/style>\n\n<section class=\"hero\">\n  <div class=\"container\" style=\"text-align: center;\">\n    <h1 class=\"section-title\">Kostenloser anonymer Video-Chat<\/h1>\n    <p class=\"section-text\">Entdecken Sie den Nervenkitzel einer anonymen Verbindung mit Fremden rund um den Globus auf Chatruletka.app. Keine Anmeldung, keine pers\u00f6nlichen Daten, nur echte spontane Video- und Textkonversationen.<\/p>\n\n    <!-- HERO CTA (Centered) -->\n    <a href=\"https:\/\/chatruletka.app\/ff\/\" class=\"cta-button\">Jetzt mit dem Chatten beginnen<\/a>\n  <\/div>\n<\/section>\n\n\n<section class=\"features\">\n  <div class=\"container\">\n    <h2 class=\"section-title\">Warum Chatruletka.app w\u00e4hlen?<\/h2>\n    <div class=\"features-grid\">\n      <div class=\"feature-card\">\n        <div class=\"feature-icon\">\ud83d\ude80<\/div>\n        <h3>Sofortiger Zugang<\/h3>\n        <p>Starten Sie Konversationen, ohne ein Konto zu erstellen. Ein Klick und Sie werden mit einem neuen Fremden zusammengebracht.<\/p>\n      <\/div>\n      <div class=\"feature-card\">\n        <div class=\"feature-icon\">\ud83d\udd12<\/div>\n        <h3>Vollst\u00e4ndiger Datenschutz<\/h3>\n        <p>Wir fragen nicht nach pers\u00f6nlichen Details - Ihre Identit\u00e4t bleibt bei jedem Chat verborgen.<\/p>\n      <\/div>\n      <div class=\"feature-card\">\n        <div class=\"feature-icon\">\ud83c\udf0d<\/div>\n        <h3>Weltweite Gemeinschaft<\/h3>\n        <p>Verbinden Sie sich mit Nutzern in der ganzen Welt - von den USA und Gro\u00dfbritannien bis Kanada und dar\u00fcber hinaus.<\/p>\n      <\/div>\n      <div class=\"feature-card\">\n        <div class=\"feature-icon\">\ud83d\udcac<\/div>\n        <h3>Text und Video<\/h3>\n        <p>Sie tippen lieber? Nutzen Sie unsere anonyme Text-Chat-Funktion, um zu reden, ohne zu sprechen.<\/p>\n      <\/div>\n    <\/div>\n  <\/div>\n<\/section>\n\n<section class=\"about-section\">\n  <div class=\"container\">\n    <h2 class=\"section-title\">Warum Chatruletka f\u00fcr anonymen Video-Chat verwenden?<\/h2>\n    <p class=\"section-text\">\n      Chatruletka ver\u00e4ndert die Art und Weise, wie Menschen online miteinander in Kontakt treten. Mit Chatruletka k\u00f6nnen Sie spontane Unterhaltungen f\u00fchren, ohne Ihre Identit\u00e4t preisgeben zu m\u00fcssen. Ob Sie sich langweilen, neugierig sind oder nach bedeutungsvollen Gespr\u00e4chen suchen, unsere sichere Plattform gibt Ihnen die Freiheit, sich auf nat\u00fcrliche Weise zu verbinden.\n    <\/p>\n  <\/div>\n<\/section>\n\n<section class=\"about-section\">\n  <div class=\"container\">\n    <h2 class=\"section-title\">Zuf\u00e4lliger Video-Chat, neu interpretiert<\/h2>\n    <p class=\"section-text\">\n      Mit Chatruletka.app k\u00f6nnen Sie anonyme Unterhaltungen in Echtzeit mit Menschen aus der ganzen Welt f\u00fchren - ohne Anmeldung oder Downloads.\n    <\/p>\n\n    <!-- MID-PAGE CTA -->\n    <a href=\"https:\/\/chatruletka.app\/ic\/\" class=\"cta-button\" style=\"margin-top:35px;\">Versuchen Sie Chatruletka<\/a>\n  <\/div>\n<\/section>\n\n<section class=\"faq\">\n  <div class=\"container\">\n    <h2 class=\"section-title\">H\u00e4ufig gestellte Fragen<\/h2>\n    <div class=\"faq-wrapper\">\n      <div class=\"faq-item\">\n        <div class=\"faq-question\" onclick=\"toggleFAQ(this)\">Was ist Chatruletka?<\/div>\n        <div class=\"faq-answer\">Eine browserbasierte Plattform f\u00fcr anonyme, zuf\u00e4llige Video- und Textchats mit Fremden im Internet.<\/div>\n      <\/div>\n\n      <div class=\"faq-item\">\n        <div class=\"faq-question\" onclick=\"toggleFAQ(this)\">Ist es wirklich kostenlos?<\/div>\n        <div class=\"faq-answer\">Ja, v\u00f6llig kostenlos. Kein Abonnement erforderlich.<\/div>\n      <\/div>\n\n      <div class=\"faq-item\">\n        <div class=\"faq-question\" onclick=\"toggleFAQ(this)\">Muss ich ein Konto einrichten?<\/div>\n        <div class=\"faq-answer\">Kein Konto erforderlich. Volle Privatsph\u00e4re, sofortiges Chatten.<\/div>\n      <\/div>\n\n      <div class=\"faq-item\">\n        <div class=\"faq-question\" onclick=\"toggleFAQ(this)\">Kann ich es auf meinem Handy benutzen?<\/div>\n        <div class=\"faq-answer\">Ja - funktioniert perfekt auf allen mobilen Browsern.<\/div>\n      <\/div>\n\n      <div class=\"faq-item\">\n        <div class=\"faq-question\" onclick=\"toggleFAQ(this)\">Was ist, wenn ich jemand Unpassendes treffe?<\/div>\n        <div class=\"faq-answer\">Klicken Sie einfach auf \u201cWeiter\u201d oder melden Sie sie sofort.<\/div>\n      <\/div>\n\n    <\/div>\n  <\/div>\n<\/section>\n\n<!-- STICKY CTA (mobile only) -->\n<div class=\"sticky-cta\">\n  <a href=\"https:\/\/chatruletka.app\/de\/cc\/\">Chatten beginnen<\/a>\n<\/div>\n\n<script>\n  function toggleFAQ(element) {\n    element.classList.toggle(\"open\");\n    const answer = element.nextElementSibling;\n    answer.style.display = answer.style.display === \"block\" ? \"none\" : \"block\";\n  }\n<\/script>\n\n\n\n<p><\/p>","protected":false},"excerpt":{"rendered":"<p>Free Anonymous Video Chat Discover the thrill of connecting anonymously with strangers around the globe on Chatruletka.app. No sign-ups, no personal info, just real spontaneous video and text conversations. Start Chatting Now Why Choose Chatruletka.app? \ud83d\ude80 Instant Access Jump into conversations without creating an account. One click and you&#8217;re matched with a new stranger. \ud83d\udd12 [&hellip;]<\/p>","protected":false},"author":1,"featured_media":0,"parent":0,"menu_order":0,"comment_status":"closed","ping_status":"closed","template":"start-chat-style-template.php","meta":{"_acf_changed":false,"footnotes":""},"class_list":["post-20","page","type-page","status-publish","hentry"],"acf":[],"yoast_head":"<!-- This site is optimized with the Yoast SEO plugin v26.7 - https:\/\/yoast.com\/wordpress\/plugins\/seo\/ -->\n<title>Omegle alternative for random video chats - Chatruletka<\/title>\n<meta name=\"description\" content=\"Chat with strangers instantly and anonymously on Chatruletka.app - no sign-ups, just free random video and text chats with people worldwide.\" \/>\n<meta name=\"robots\" content=\"index, follow, max-snippet:-1, max-image-preview:large, max-video-preview:-1\" \/>\n<link rel=\"canonical\" href=\"https:\/\/chatruletka.app\/de\/\" \/>\n<meta property=\"og:locale\" content=\"de_DE\" \/>\n<meta property=\"og:type\" content=\"article\" \/>\n<meta property=\"og:title\" content=\"Omegle alternative for random video chats - Chatruletka\" \/>\n<meta property=\"og:description\" content=\"Chat with strangers instantly and anonymously on Chatruletka.app - no sign-ups, just free random video and text chats with people worldwide.\" \/>\n<meta property=\"og:url\" content=\"https:\/\/chatruletka.app\/de\/\" \/>\n<meta property=\"og:site_name\" content=\"Chatruletka\" \/>\n<meta property=\"article:modified_time\" content=\"2026-03-08T17:48:29+00:00\" \/>\n<meta name=\"twitter:card\" content=\"summary_large_image\" \/>\n<meta name=\"twitter:label1\" content=\"Gesch\u00e4tzte Lesezeit\" \/>\n\t<meta name=\"twitter:data1\" content=\"2\u00a0Minuten\" \/>\n<script type=\"application\/ld+json\" class=\"yoast-schema-graph\">{\"@context\":\"https:\/\/schema.org\",\"@graph\":[{\"@type\":\"WebPage\",\"@id\":\"https:\/\/chatruletka.app\/\",\"url\":\"https:\/\/chatruletka.app\/\",\"name\":\"Omegle alternative for random video chats - Chatruletka\",\"isPartOf\":{\"@id\":\"https:\/\/chatruletka.app\/#website\"},\"datePublished\":\"2025-08-01T06:53:44+00:00\",\"dateModified\":\"2026-03-08T17:48:29+00:00\",\"description\":\"Chat with strangers instantly and anonymously on Chatruletka.app - no sign-ups, just free random video and text chats with people worldwide.\",\"breadcrumb\":{\"@id\":\"https:\/\/chatruletka.app\/#breadcrumb\"},\"inLanguage\":\"de\",\"potentialAction\":[{\"@type\":\"ReadAction\",\"target\":[\"https:\/\/chatruletka.app\/\"]}]},{\"@type\":\"BreadcrumbList\",\"@id\":\"https:\/\/chatruletka.app\/#breadcrumb\",\"itemListElement\":[{\"@type\":\"ListItem\",\"position\":1,\"name\":\"Home\",\"item\":\"https:\/\/chatruletka.app\/\"},{\"@type\":\"ListItem\",\"position\":2,\"name\":\"Home\"}]},{\"@type\":\"WebSite\",\"@id\":\"https:\/\/chatruletka.app\/#website\",\"url\":\"https:\/\/chatruletka.app\/\",\"name\":\"AnonCam\",\"description\":\"\",\"potentialAction\":[{\"@type\":\"SearchAction\",\"target\":{\"@type\":\"EntryPoint\",\"urlTemplate\":\"https:\/\/chatruletka.app\/?s={search_term_string}\"},\"query-input\":{\"@type\":\"PropertyValueSpecification\",\"valueRequired\":true,\"valueName\":\"search_term_string\"}}],\"inLanguage\":\"de\"}]}<\/script>\n<!-- \/ Yoast SEO plugin. -->","yoast_head_json":{"title":"Omegle-Alternative f\u00fcr zuf\u00e4llige Video-Chats - Chatruletka","description":"Chatte mit Fremden sofort und anonym auf Chatruletka.app - keine Anmeldung, nur kostenlose zuf\u00e4llige Video- und Text-Chats mit Menschen weltweit.","robots":{"index":"index","follow":"follow","max-snippet":"max-snippet:-1","max-image-preview":"max-image-preview:large","max-video-preview":"max-video-preview:-1"},"canonical":"https:\/\/chatruletka.app\/de\/","og_locale":"de_DE","og_type":"article","og_title":"Omegle alternative for random video chats - Chatruletka","og_description":"Chat with strangers instantly and anonymously on Chatruletka.app - no sign-ups, just free random video and text chats with people worldwide.","og_url":"https:\/\/chatruletka.app\/de\/","og_site_name":"Chatruletka","article_modified_time":"2026-03-08T17:48:29+00:00","twitter_card":"summary_large_image","twitter_misc":{"Gesch\u00e4tzte Lesezeit":"2\u00a0Minuten"},"schema":{"@context":"https:\/\/schema.org","@graph":[{"@type":"WebPage","@id":"https:\/\/chatruletka.app\/","url":"https:\/\/chatruletka.app\/","name":"Omegle-Alternative f\u00fcr zuf\u00e4llige Video-Chats - Chatruletka","isPartOf":{"@id":"https:\/\/chatruletka.app\/#website"},"datePublished":"2025-08-01T06:53:44+00:00","dateModified":"2026-03-08T17:48:29+00:00","description":"Chatte mit Fremden sofort und anonym auf Chatruletka.app - keine Anmeldung, nur kostenlose zuf\u00e4llige Video- und Text-Chats mit Menschen weltweit.","breadcrumb":{"@id":"https:\/\/chatruletka.app\/#breadcrumb"},"inLanguage":"de","potentialAction":[{"@type":"ReadAction","target":["https:\/\/chatruletka.app\/"]}]},{"@type":"BreadcrumbList","@id":"https:\/\/chatruletka.app\/#breadcrumb","itemListElement":[{"@type":"ListItem","position":1,"name":"Home","item":"https:\/\/chatruletka.app\/"},{"@type":"ListItem","position":2,"name":"Home"}]},{"@type":"WebSite","@id":"https:\/\/chatruletka.app\/#website","url":"https:\/\/chatruletka.app\/","name":"AnonCam","description":"","potentialAction":[{"@type":"SearchAction","target":{"@type":"EntryPoint","urlTemplate":"https:\/\/chatruletka.app\/?s={search_term_string}"},"query-input":{"@type":"PropertyValueSpecification","valueRequired":true,"valueName":"search_term_string"}}],"inLanguage":"de"}]}},"_links":{"self":[{"href":"https:\/\/chatruletka.app\/de\/wp-json\/wp\/v2\/pages\/20","targetHints":{"allow":["GET"]}}],"collection":[{"href":"https:\/\/chatruletka.app\/de\/wp-json\/wp\/v2\/pages"}],"about":[{"href":"https:\/\/chatruletka.app\/de\/wp-json\/wp\/v2\/types\/page"}],"author":[{"embeddable":true,"href":"https:\/\/chatruletka.app\/de\/wp-json\/wp\/v2\/users\/1"}],"replies":[{"embeddable":true,"href":"https:\/\/chatruletka.app\/de\/wp-json\/wp\/v2\/comments?post=20"}],"version-history":[{"count":14,"href":"https:\/\/chatruletka.app\/de\/wp-json\/wp\/v2\/pages\/20\/revisions"}],"predecessor-version":[{"id":178,"href":"https:\/\/chatruletka.app\/de\/wp-json\/wp\/v2\/pages\/20\/revisions\/178"}],"wp:attachment":[{"href":"https:\/\/chatruletka.app\/de\/wp-json\/wp\/v2\/media?parent=20"}],"curies":[{"name":"wp","href":"https:\/\/api.w.org\/{rel}","templated":true}]}}